{"id":35,"date":"2026-01-12T11:18:42","date_gmt":"2026-01-12T11:18:42","guid":{"rendered":"https:\/\/akustik.etu.edu.tr\/?page_id=35"},"modified":"2026-01-12T11:25:59","modified_gmt":"2026-01-12T11:25:59","slug":"contact-us","status":"publish","type":"page","link":"https:\/\/akustik.etu.edu.tr\/?page_id=35","title":{"rendered":"Contact us"},"content":{"rendered":"\n<p>For general inquiries, please send an email to <strong>kkitapci at etu.edu.tr<\/strong><\/p>\n\n\n\n<p><\/p>\n\n\n\n<h4 class=\"wp-block-heading\"><br><strong>Mailing address<\/strong><\/h4>\n\n\n\n<p>TOBB ET\u00dc, S\u00f6\u011f\u00fct\u00f6z\u00fc Caddesi No:43, S\u00f6\u011f\u00fct\u00f6z\u00fc, Ankara, 06560 T\u00fcrkiye<\/p>\n\n\n\n<p><\/p>\n","protected":false},"excerpt":{"rendered":"<p>For general inquiries, please send an email to kkitapci at etu.edu.tr Mailing address TOBB ET\u00dc, S\u00f6\u011f\u00fct\u00f6z\u00fc Caddesi No:43, S\u00f6\u011f\u00fct\u00f6z\u00fc, Ankara, 06560 T\u00fcrkiye<\/p>\n","protected":false},"author":1,"featured_media":0,"parent":0,"menu_order":3,"comment_status":"closed","ping_status":"closed","template":"","meta":{"footnotes":""},"class_list":["post-35","page","type-page","status-publish","hentry"],"_links":{"self":[{"href":"https:\/\/akustik.etu.edu.tr\/index.php?rest_route=\/wp\/v2\/pages\/35","targetHints":{"allow":["GET"]}}],"collection":[{"href":"https:\/\/akustik.etu.edu.tr\/index.php?rest_route=\/wp\/v2\/pages"}],"about":[{"href":"https:\/\/akustik.etu.edu.tr\/index.php?rest_route=\/wp\/v2\/types\/page"}],"author":[{"embeddable":true,"href":"https:\/\/akustik.etu.edu.tr\/index.php?rest_route=\/wp\/v2\/users\/1"}],"replies":[{"embeddable":true,"href":"https:\/\/akustik.etu.edu.tr\/index.php?rest_route=%2Fwp%2Fv2%2Fcomments&post=35"}],"version-history":[{"count":2,"href":"https:\/\/akustik.etu.edu.tr\/index.php?rest_route=\/wp\/v2\/pages\/35\/revisions"}],"predecessor-version":[{"id":39,"href":"https:\/\/akustik.etu.edu.tr\/index.php?rest_route=\/wp\/v2\/pages\/35\/revisions\/39"}],"wp:attachment":[{"href":"https:\/\/akustik.etu.edu.tr\/index.php?rest_route=%2Fwp%2Fv2%2Fmedia&parent=35"}],"curies":[{"name":"wp","href":"https:\/\/api.w.org\/{rel}","templated":true}]}}